{"id":4306,"date":"2025-02-25T15:12:56","date_gmt":"2025-02-25T14:12:56","guid":{"rendered":"https:\/\/epi.webstudio.nl\/preisanfrage\/"},"modified":"2025-10-07T15:36:15","modified_gmt":"2025-10-07T13:36:15","slug":"preisanfrage","status":"publish","type":"page","link":"https:\/\/backup.epifloors.com\/de\/beratung\/preisanfrage\/","title":{"rendered":"Preisanfrage"},"content":{"rendered":"\t\t<div data-elementor-type=\"wp-page\" data-elementor-id=\"4306\" class=\"elementor elementor-4306 elementor-992\" data-elementor-post-type=\"page\">\n\t\t\t\t<div class=\"elementor-element elementor-element-1339af7 e-flex e-con-boxed e-con e-parent\" data-id=\"1339af7\" data-element_type=\"container\" data-e-type=\"container\" data-settings=\"{&quot;jet_parallax_layout_list&quot;:[]}\">\n\t\t\t\t\t<div class=\"e-con-inner\">\n\t\t\t\t<div class=\"elementor-element elementor-element-418a4dd elementor-widget elementor-widget-jet-form-builder-form\" data-id=\"418a4dd\" data-element_type=\"widget\" data-e-type=\"widget\" data-widget_type=\"jet-form-builder-form.default\">\n\t\t\t\t<div class=\"elementor-widget-container\">\n\t\t\t\t\t<link rel='stylesheet' id='wp-block-library-css' href='https:\/\/backup.epifloors.com\/wp-includes\/css\/dist\/block-library\/style.min.css?ver=6.9.4' media='all' \/>\n<style id=\"jet-form-builder-9355-inline-css\"><\/style><form  class=\"jet-form-builder layout-column submit-type-ajax\" action=\"https:\/\/backup.epifloors.com\/de\/wp-json\/wp\/v2\/pages\/4306\/?rGpZTm=LoX95FJs61&amp;method=reload\" method=\"POST\" data-form-id=\"9355\" data-layout=\"column\" enctype=\"multipart\/form-data\" novalidate=\"null\" ssr_validation_method=\"rest\"><input type=\"hidden\" id=\"_wpnonce\" name=\"_wpnonce\" value=\"ebfbab1e3f\" \/><input type=\"hidden\" name=\"_wp_http_referer\" value=\"\/de\/wp-json\/wp\/v2\/pages\/4306\" \/>\r\n<input type=\"hidden\" name=\"_jfb_current_render_states[]\" value=\"DEFAULT.STATE\" data-jfb-sync \/><input type=\"hidden\" class=\"jet-form-builder__field hidden-field\" name=\"_jet_engine_booking_form_id\" data-field-name=\"_jet_engine_booking_form_id\" value=\"9355\">\n<input type=\"hidden\" class=\"jet-form-builder__field hidden-field\" name=\"_jet_engine_refer\" data-field-name=\"_jet_engine_refer\" value=\"https:\/\/backup.epifloors.com\/de\/wp-json\/wp\/v2\/pages\/4306\/\">\n<input type=\"hidden\" class=\"jet-form-builder__field hidden-field\" name=\"__queried_post_id\" data-field-name=\"__queried_post_id\" value=\"4306\">\n<input type=\"hidden\" class=\"jet-form-builder__field hidden-field\" name=\"_user_journey\" data-field-name=\"_user_journey\">\n\n<p>Ich m\u00f6chte eine Preisangabe erhalten<\/p>\n\n\n<div  class=\"jet-form-builder-row field-type-text-field\" >\n<div class=\"jet-form-builder__label\">\r\n<div class=\"jet-form-builder__label-text\">Vornamen <span class=\"jet-form-builder__required\">*<\/span><\/div><\/div><div class=\"jet-form-builder__field-wrap\">\n\t\t\t\t<input required=\"required\" name=\"voornaam\" id=\"voornaam\" type=\"text\" data-field-name=\"voornaam\" class=\"jet-form-builder__field text-field\" data-jfb-sync=\"null\" autocomplete=\"off_M5NzQuFJ\">\n\t\t\t\t\t<\/div>\n<\/div>\n\n<div  class=\"jet-form-builder-row field-type-text-field\" >\n<div class=\"jet-form-builder__label\">\r\n<div class=\"jet-form-builder__label-text\">Nachname <span class=\"jet-form-builder__required\">*<\/span><\/div><\/div><div class=\"jet-form-builder__field-wrap\">\n\t\t\t\t<input required=\"required\" name=\"achternaam\" id=\"achternaam\" type=\"text\" data-field-name=\"achternaam\" class=\"jet-form-builder__field text-field\" data-jfb-sync=\"null\" autocomplete=\"off_Vl1fOTjX\">\n\t\t\t\t\t<\/div>\n<\/div>\n\n<div  class=\"jet-form-builder-row field-type-text-field\" >\n<div class=\"jet-form-builder__label\">\r\n<div class=\"jet-form-builder__label-text\">E-mail <span class=\"jet-form-builder__required\">*<\/span><\/div><\/div><div class=\"jet-form-builder__field-wrap\">\n\t\t\t\t<input required=\"required\" name=\"e_mail\" id=\"e_mail\" type=\"text\" data-field-name=\"e_mail\" class=\"jet-form-builder__field text-field\" data-jfb-sync=\"null\" autocomplete=\"off_vY2i3zJX\">\n\t\t\t\t\t<\/div>\n<\/div>\n\n<div  class=\"jet-form-builder-row field-type-text-field\" >\n<div class=\"jet-form-builder__label\">\r\n<div class=\"jet-form-builder__label-text\">Rufnummer<\/div><\/div><div class=\"jet-form-builder__field-wrap\">\n\t\t\t\t<input name=\"e_mail_copy\" id=\"e_mail_copy\" type=\"text\" data-field-name=\"e_mail_copy\" class=\"jet-form-builder__field text-field\" data-jfb-sync=\"null\" autocomplete=\"off_Ywy5pr2D\">\n\t\t\t\t\t<\/div><div class=\"jet-form-builder__desc\"><small>Optioneel<\/small><\/div>\n<\/div>\n\n<div  class=\"jet-form-builder-row field-type-submit-field\" >\n\t<div data-type=\"submit\" class=\"jet-form-builder__action-button-wrapper jet-form-builder__submit-wrap\">\n\t<button class=\"jet-form-builder__action-button jet-form-builder__submit submit-type-ajax\" type=\"submit\">Submit<\/button>\n\t<\/div>\n\t\n<\/div>\n\n\n<p><\/p>\n\t<div class=\"jet-form-builder-messages-wrap\" data-form-id=\"9355\"><\/div>\n<\/form>\n\t\t\t\t<\/div>\n\t\t\t\t<\/div>\n\t\t\t\t\t<\/div>\n\t\t\t\t<\/div>\n\t\t\t\t<\/div>\n\t\t","protected":false},"excerpt":{"rendered":"<p>Ich m\u00f6chte eine Preisangabe erhalten Corestone Nature Quarz R Superbase Bestehende Geb\u00e4ude (9% MwSt.) Neubau (21% MwSt.) Fl\u00e4che m2 * bijv. 120 Vornamen * Nachname * E-mail * Rufnummer Optioneel Submit<\/p>\n","protected":false},"author":1,"featured_media":2830,"parent":4598,"menu_order":0,"comment_status":"closed","ping_status":"closed","template":"","meta":{"footnotes":""},"kleur-category":[],"vloer-category":[],"class_list":["post-4306","page","type-page","status-publish","has-post-thumbnail","hentry"],"_links":{"self":[{"href":"https:\/\/backup.epifloors.com\/de\/wp-json\/wp\/v2\/pages\/4306","targetHints":{"allow":["GET"]}}],"collection":[{"href":"https:\/\/backup.epifloors.com\/de\/wp-json\/wp\/v2\/pages"}],"about":[{"href":"https:\/\/backup.epifloors.com\/de\/wp-json\/wp\/v2\/types\/page"}],"author":[{"embeddable":true,"href":"https:\/\/backup.epifloors.com\/de\/wp-json\/wp\/v2\/users\/1"}],"replies":[{"embeddable":true,"href":"https:\/\/backup.epifloors.com\/de\/wp-json\/wp\/v2\/comments?post=4306"}],"version-history":[{"count":16,"href":"https:\/\/backup.epifloors.com\/de\/wp-json\/wp\/v2\/pages\/4306\/revisions"}],"predecessor-version":[{"id":12608,"href":"https:\/\/backup.epifloors.com\/de\/wp-json\/wp\/v2\/pages\/4306\/revisions\/12608"}],"up":[{"embeddable":true,"href":"https:\/\/backup.epifloors.com\/de\/wp-json\/wp\/v2\/pages\/4598"}],"wp:featuredmedia":[{"embeddable":true,"href":"https:\/\/backup.epifloors.com\/de\/wp-json\/wp\/v2\/media\/2830"}],"wp:attachment":[{"href":"https:\/\/backup.epifloors.com\/de\/wp-json\/wp\/v2\/media?parent=4306"}],"wp:term":[{"taxonomy":"kleur-category","embeddable":true,"href":"https:\/\/backup.epifloors.com\/de\/wp-json\/wp\/v2\/kleur-category?post=4306"},{"taxonomy":"vloer-category","embeddable":true,"href":"https:\/\/backup.epifloors.com\/de\/wp-json\/wp\/v2\/vloer-category?post=4306"}],"curies":[{"name":"wp","href":"https:\/\/api.w.org\/{rel}","templated":true}]}}