{"id":4261,"date":"2025-01-27T14:10:29","date_gmt":"2025-01-27T13:10:29","guid":{"rendered":"https:\/\/epi.webstudio.nl\/lassen-sie-sich-inspirieren\/"},"modified":"2025-06-17T15:54:46","modified_gmt":"2025-06-17T13:54:46","slug":"lassen-sie-sich-inspirieren","status":"publish","type":"page","link":"https:\/\/backup.epifloors.com\/de\/lassen-sie-sich-inspirieren\/","title":{"rendered":"Lassen Sie sich inspirieren"},"content":{"rendered":"\t\t<div data-elementor-type=\"wp-page\" data-elementor-id=\"4261\" class=\"elementor elementor-4261 elementor-82\" data-elementor-post-type=\"page\">\n\t\t\t\t<div class=\"elementor-element elementor-element-26a375b e-flex e-con-boxed e-con e-parent\" data-id=\"26a375b\" data-element_type=\"container\" data-e-type=\"container\" data-settings=\"{&quot;jet_parallax_layout_list&quot;:[]}\">\n\t\t\t\t\t<div class=\"e-con-inner\">\n\t\t<div class=\"elementor-element elementor-element-cf5a022 e-con-full e-flex e-con e-child\" data-id=\"cf5a022\" data-element_type=\"container\" data-e-type=\"container\" data-settings=\"{&quot;jet_parallax_layout_list&quot;:[]}\">\n\t\t\t\t<div class=\"elementor-element elementor-element-ceecd64 elementor-widget elementor-widget-heading\" data-id=\"ceecd64\" data-element_type=\"widget\" data-e-type=\"widget\" data-widget_type=\"heading.default\">\n\t\t\t\t<div class=\"elementor-widget-container\">\n\t\t\t\t\t<h2 class=\"elementor-heading-title elementor-size-default\">Unsere Farben<\/h2>\t\t\t\t<\/div>\n\t\t\t\t<\/div>\n\t\t\t\t<div class=\"elementor-element elementor-element-9eec8f3 elementor-widget elementor-widget-text-editor\" data-id=\"9eec8f3\" data-element_type=\"widget\" data-e-type=\"widget\" data-widget_type=\"text-editor.default\">\n\t\t\t\t<div class=\"elementor-widget-container\">\n\t\t\t\t\t\t\t\t\t<p>Wir helfen Ihnen gerne bei der Auswahl der Farbe, die zu Ihrem Einrichtungsstil passt. Zu diesem Zweck haben wir die EPI-Farbkollektion entwickelt: eine sch\u00f6ne Palette von Uni- und Mischfarben. Eine Unifarbe besteht aus einer einzigen Farbe und sorgt f\u00fcr einen klaren Look. Eine Blend-Farbe ist eine Mischung aus zwei Farben f\u00fcr einen nat\u00fcrlichen Touch.   <\/p>\t\t\t\t\t\t\t\t<\/div>\n\t\t\t\t<\/div>\n\t\t\t\t<div class=\"elementor-element elementor-element-65bd576 elementor-widget elementor-widget-button\" data-id=\"65bd576\" data-element_type=\"widget\" data-e-type=\"widget\" data-widget_type=\"button.default\">\n\t\t\t\t<div class=\"elementor-widget-container\">\n\t\t\t\t\t\t\t\t\t<div class=\"elementor-button-wrapper\">\n\t\t\t\t\t<a class=\"elementor-button elementor-button-link elementor-size-sm\" href=\"https:\/\/backup.epifloors.com\/de\/lassen-sie-sich-inspirieren\/farben\/\">\n\t\t\t\t\t\t<span class=\"elementor-button-content-wrapper\">\n\t\t\t\t\t\t\t\t\t<span class=\"elementor-button-text\">Siehe unsere Farben<\/span>\n\t\t\t\t\t<\/span>\n\t\t\t\t\t<\/a>\n\t\t\t\t<\/div>\n\t\t\t\t\t\t\t\t<\/div>\n\t\t\t\t<\/div>\n\t\t\t\t<\/div>\n\t\t\t\t<div class=\"elementor-element elementor-element-28ecf21 elementor-widget__width-initial elementor-widget elementor-widget-image\" data-id=\"28ecf21\" data-element_type=\"widget\" data-e-type=\"widget\" data-widget_type=\"image.default\">\n\t\t\t\t<div class=\"elementor-widget-container\">\n\t\t\t\t\t\t\t\t\t\t\t\t\t\t\t<img decoding=\"async\" width=\"800\" height=\"600\" src=\"https:\/\/backup.epifloors.com\/wp-content\/uploads\/2025\/02\/Almelo-Corestone-Nature-36-980x735-1.jpg\" class=\"attachment-large size-large wp-image-2046\" alt=\"Corestone Nature Almelo Gussboden\" srcset=\"https:\/\/backup.epifloors.com\/wp-content\/uploads\/2025\/02\/Almelo-Corestone-Nature-36-980x735-1.jpg 980w, https:\/\/backup.epifloors.com\/wp-content\/uploads\/2025\/02\/Almelo-Corestone-Nature-36-980x735-1-300x225.jpg 300w, https:\/\/backup.epifloors.com\/wp-content\/uploads\/2025\/02\/Almelo-Corestone-Nature-36-980x735-1-768x576.jpg 768w\" sizes=\"(max-width: 800px) 100vw, 800px\" title=\"\">\t\t\t\t\t\t\t\t\t\t\t\t\t\t\t<\/div>\n\t\t\t\t<\/div>\n\t\t\t\t\t<\/div>\n\t\t\t\t<\/div>\n\t\t<div class=\"elementor-element elementor-element-9b1d916 e-flex e-con-boxed e-con e-parent\" data-id=\"9b1d916\" data-element_type=\"container\" data-e-type=\"container\" data-settings=\"{&quot;jet_parallax_layout_list&quot;:[]}\">\n\t\t\t\t\t<div class=\"e-con-inner\">\n\t\t\t\t<div class=\"elementor-element elementor-element-fdbabef elementor-widget__width-initial elementor-widget elementor-widget-image\" data-id=\"fdbabef\" data-element_type=\"widget\" data-e-type=\"widget\" data-widget_type=\"image.default\">\n\t\t\t\t<div class=\"elementor-widget-container\">\n\t\t\t\t\t\t\t\t\t\t\t\t\t\t\t<img decoding=\"async\" width=\"800\" height=\"600\" src=\"https:\/\/backup.epifloors.com\/wp-content\/uploads\/2025\/02\/Almelo-Corestone-Nature-21-980x735-1.jpg\" class=\"attachment-large size-large wp-image-2034\" alt=\"Corestone Nature Almelo in schwarzer K\u00fcche\" srcset=\"https:\/\/backup.epifloors.com\/wp-content\/uploads\/2025\/02\/Almelo-Corestone-Nature-21-980x735-1.jpg 980w, https:\/\/backup.epifloors.com\/wp-content\/uploads\/2025\/02\/Almelo-Corestone-Nature-21-980x735-1-300x225.jpg 300w, https:\/\/backup.epifloors.com\/wp-content\/uploads\/2025\/02\/Almelo-Corestone-Nature-21-980x735-1-768x576.jpg 768w\" sizes=\"(max-width: 800px) 100vw, 800px\" title=\"\">\t\t\t\t\t\t\t\t\t\t\t\t\t\t\t<\/div>\n\t\t\t\t<\/div>\n\t\t<div class=\"elementor-element elementor-element-8b0065d e-con-full e-flex e-con e-child\" data-id=\"8b0065d\" data-element_type=\"container\" data-e-type=\"container\" data-settings=\"{&quot;jet_parallax_layout_list&quot;:[]}\">\n\t\t\t\t<div class=\"elementor-element elementor-element-8a2dfb3 elementor-widget elementor-widget-heading\" data-id=\"8a2dfb3\" data-element_type=\"widget\" data-e-type=\"widget\" data-widget_type=\"heading.default\">\n\t\t\t\t<div class=\"elementor-widget-container\">\n\t\t\t\t\t<h2 class=\"elementor-heading-title elementor-size-default\">Referenzen<\/h2>\t\t\t\t<\/div>\n\t\t\t\t<\/div>\n\t\t\t\t<div class=\"elementor-element elementor-element-34c830b elementor-widget elementor-widget-text-editor\" data-id=\"34c830b\" data-element_type=\"widget\" data-e-type=\"widget\" data-widget_type=\"text-editor.default\">\n\t\t\t\t<div class=\"elementor-widget-container\">\n\t\t\t\t\t\t\t\t\t<p>Lassen Sie sich von EPI durch einige der sch\u00f6nen B\u00f6den inspirieren, die wir f\u00fcr andere verlegen durften. Von gem\u00fctlichen Familienh\u00e4usern bis hin zu eleganten Designervillen - die B\u00f6den von EPI sind die perfekte Basis f\u00fcr jede Einrichtung. <\/p>\t\t\t\t\t\t\t\t<\/div>\n\t\t\t\t<\/div>\n\t\t\t\t<div class=\"elementor-element elementor-element-b2c7bd8 elementor-widget elementor-widget-button\" data-id=\"b2c7bd8\" data-element_type=\"widget\" data-e-type=\"widget\" data-widget_type=\"button.default\">\n\t\t\t\t<div class=\"elementor-widget-container\">\n\t\t\t\t\t\t\t\t\t<div class=\"elementor-button-wrapper\">\n\t\t\t\t\t<a class=\"elementor-button elementor-button-link elementor-size-sm\" href=\"\/de\/referenzen\/\">\n\t\t\t\t\t\t<span class=\"elementor-button-content-wrapper\">\n\t\t\t\t\t\t\t\t\t<span class=\"elementor-button-text\">Siehe unsere Referenzen<\/span>\n\t\t\t\t\t<\/span>\n\t\t\t\t\t<\/a>\n\t\t\t\t<\/div>\n\t\t\t\t\t\t\t\t<\/div>\n\t\t\t\t<\/div>\n\t\t\t\t<\/div>\n\t\t\t\t\t<\/div>\n\t\t\t\t<\/div>\n\t\t<div class=\"elementor-element elementor-element-e849a86 e-flex e-con-boxed e-con e-parent\" data-id=\"e849a86\" data-element_type=\"container\" data-e-type=\"container\" data-settings=\"{&quot;background_background&quot;:&quot;classic&quot;,&quot;jet_parallax_layout_list&quot;:[]}\">\n\t\t\t\t\t<div class=\"e-con-inner\">\n\t\t<div class=\"elementor-element elementor-element-8e81415 e-con-full e-flex e-con e-child\" data-id=\"8e81415\" data-element_type=\"container\" data-e-type=\"container\" data-settings=\"{&quot;jet_parallax_layout_list&quot;:[]}\">\n\t\t<div class=\"elementor-element elementor-element-00859c3 e-con-full e-flex e-con e-child\" data-id=\"00859c3\" data-element_type=\"container\" data-e-type=\"container\" data-settings=\"{&quot;jet_parallax_layout_list&quot;:[]}\">\n\t\t\t\t<div class=\"elementor-element elementor-element-d397307 elementor-widget elementor-widget-heading\" data-id=\"d397307\" data-element_type=\"widget\" data-e-type=\"widget\" data-widget_type=\"heading.default\">\n\t\t\t\t<div class=\"elementor-widget-container\">\n\t\t\t\t\t<h2 class=\"elementor-heading-title elementor-size-default\">EPI Trends<\/h2>\t\t\t\t<\/div>\n\t\t\t\t<\/div>\n\t\t\t\t<div class=\"elementor-element elementor-element-1ebe179 elementor-widget elementor-widget-text-editor\" data-id=\"1ebe179\" data-element_type=\"widget\" data-e-type=\"widget\" data-widget_type=\"text-editor.default\">\n\t\t\t\t<div class=\"elementor-widget-container\">\n\t\t\t\t\t\t\t\t\t<p>In unserem Blog teilen wir Trends, die wir entdecken, Wissen, Erfahrungen und Neuigkeiten. Wir erz\u00e4hlen mehr \u00fcber die Anwendungen unserer B\u00f6den in verschiedenen Situationen und geben Einblicke hinter die Kulissen von EPI.   <\/p>\t\t\t\t\t\t\t\t<\/div>\n\t\t\t\t<\/div>\n\t\t\t\t<div class=\"elementor-element elementor-element-c7957e1 elementor-widget elementor-widget-button\" data-id=\"c7957e1\" data-element_type=\"widget\" data-e-type=\"widget\" data-widget_type=\"button.default\">\n\t\t\t\t<div class=\"elementor-widget-container\">\n\t\t\t\t\t\t\t\t\t<div class=\"elementor-button-wrapper\">\n\t\t\t\t\t<a class=\"elementor-button elementor-button-link elementor-size-sm\" href=\"https:\/\/backup.epifloors.com\/de\/nachrichten\/\">\n\t\t\t\t\t\t<span class=\"elementor-button-content-wrapper\">\n\t\t\t\t\t\t\t\t\t<span class=\"elementor-button-text\">Alle Trends sehen<\/span>\n\t\t\t\t\t<\/span>\n\t\t\t\t\t<\/a>\n\t\t\t\t<\/div>\n\t\t\t\t\t\t\t\t<\/div>\n\t\t\t\t<\/div>\n\t\t\t\t<\/div>\n\t\t<div class=\"elementor-element elementor-element-329dfda e-con-full e-flex e-con e-child\" data-id=\"329dfda\" data-element_type=\"container\" data-e-type=\"container\" data-settings=\"{&quot;jet_parallax_layout_list&quot;:[]}\">\n\t\t\t\t<div class=\"elementor-element elementor-element-345cc07 elementor-widget elementor-widget-heading\" data-id=\"345cc07\" data-element_type=\"widget\" data-e-type=\"widget\" data-widget_type=\"heading.default\">\n\t\t\t\t<div class=\"elementor-widget-container\">\n\t\t\t\t\t<h2 class=\"elementor-heading-title elementor-size-default\">EPI Insta-Wand<\/h2>\t\t\t\t<\/div>\n\t\t\t\t<\/div>\n\t\t\t\t<div class=\"elementor-element elementor-element-6da294d elementor-widget elementor-widget-text-editor\" data-id=\"6da294d\" data-element_type=\"widget\" data-e-type=\"widget\" data-widget_type=\"text-editor.default\">\n\t\t\t\t<div class=\"elementor-widget-container\">\n\t\t\t\t\t\t\t\t\t<p>Auf Instagram posten wir regelm\u00e4\u00dfig Beitr\u00e4ge zur Inspiration. Folgen Sie uns unter @epi_floors oder verwenden Sie den Hashtag #epifloor. Klicken Sie hier, um alle Beitr\u00e4ge zusammen zu sehen. Wenn Sie sehen m\u00f6chten, wie B\u00f6den hergestellt werden, besuchen Sie @epi_projects.    <\/p>\t\t\t\t\t\t\t\t<\/div>\n\t\t\t\t<\/div>\n\t\t\t\t<div class=\"elementor-element elementor-element-9215d59 elementor-widget elementor-widget-button\" data-id=\"9215d59\" data-element_type=\"widget\" data-e-type=\"widget\" data-widget_type=\"button.default\">\n\t\t\t\t<div class=\"elementor-widget-container\">\n\t\t\t\t\t\t\t\t\t<div class=\"elementor-button-wrapper\">\n\t\t\t\t\t<a class=\"elementor-button elementor-button-link elementor-size-sm\" href=\"https:\/\/backup.epifloors.com\/de\/lassen-sie-sich-inspirieren\/insta-wand-des-epi\/\">\n\t\t\t\t\t\t<span class=\"elementor-button-content-wrapper\">\n\t\t\t\t\t\t\t\t\t<span class=\"elementor-button-text\">Sehen Sie sich unsere Insta-Pinnwand an<\/span>\n\t\t\t\t\t<\/span>\n\t\t\t\t\t<\/a>\n\t\t\t\t<\/div>\n\t\t\t\t\t\t\t\t<\/div>\n\t\t\t\t<\/div>\n\t\t\t\t<\/div>\n\t\t<div class=\"elementor-element elementor-element-b2c8558 e-con-full e-flex e-con e-child\" data-id=\"b2c8558\" data-element_type=\"container\" data-e-type=\"container\" data-settings=\"{&quot;jet_parallax_layout_list&quot;:[]}\">\n\t\t\t\t<div class=\"elementor-element elementor-element-e561c96 elementor-widget elementor-widget-heading\" data-id=\"e561c96\" data-element_type=\"widget\" data-e-type=\"widget\" data-widget_type=\"heading.default\">\n\t\t\t\t<div class=\"elementor-widget-container\">\n\t\t\t\t\t<h2 class=\"elementor-heading-title elementor-size-default\">EPI x Pinterest<\/h2>\t\t\t\t<\/div>\n\t\t\t\t<\/div>\n\t\t\t\t<div class=\"elementor-element elementor-element-6ba2027 elementor-widget elementor-widget-text-editor\" data-id=\"6ba2027\" data-element_type=\"widget\" data-e-type=\"widget\" data-widget_type=\"text-editor.default\">\n\t\t\t\t<div class=\"elementor-widget-container\">\n\t\t\t\t\t\t\t\t\t<div class=\"et_pb_module et_pb_text et_pb_text_9 et_pb_text_align_center et_pb_bg_layout_light\"><div class=\"et_pb_text_inner\"><p>Wenn Sie auf der Suche nach Inspiration sind, k\u00f6nnen Sie Stunden auf Pinterest verbringen. Folgen Sie uns auf @epinetherlands und Sie werden unsere sch\u00f6nsten Projekte sehen. Stellen Sie Ihr Moodboard auf Pinterest zusammen und teilen Sie es mit uns. Auf diese Weise k\u00f6nnen wir uns noch besser auf Ihren Besuch bei der EPI Experience vorbereiten.     <\/p><p> <\/p><\/div><\/div>\t\t\t\t\t\t\t\t<\/div>\n\t\t\t\t<\/div>\n\t\t\t\t<div class=\"elementor-element elementor-element-631afbd elementor-widget elementor-widget-button\" data-id=\"631afbd\" data-element_type=\"widget\" data-e-type=\"widget\" data-widget_type=\"button.default\">\n\t\t\t\t<div class=\"elementor-widget-container\">\n\t\t\t\t\t\t\t\t\t<div class=\"elementor-button-wrapper\">\n\t\t\t\t\t<a class=\"elementor-button elementor-button-link elementor-size-sm\" href=\"https:\/\/backup.epifloors.com\/de\/lassen-sie-sich-inspirieren\/epi-auf-pinterest\/\">\n\t\t\t\t\t\t<span class=\"elementor-button-content-wrapper\">\n\t\t\t\t\t\t\t\t\t<span class=\"elementor-button-text\">Besuchen Sie unsere Pinterest-Seite<\/span>\n\t\t\t\t\t<\/span>\n\t\t\t\t\t<\/a>\n\t\t\t\t<\/div>\n\t\t\t\t\t\t\t\t<\/div>\n\t\t\t\t<\/div>\n\t\t\t\t<\/div>\n\t\t\t\t<\/div>\n\t\t\t\t<div class=\"elementor-element elementor-element-60150d7 elementor-widget__width-initial elementor-widget elementor-widget-image\" data-id=\"60150d7\" data-element_type=\"widget\" data-e-type=\"widget\" data-widget_type=\"image.default\">\n\t\t\t\t<div class=\"elementor-widget-container\">\n\t\t\t\t\t\t\t\t\t\t\t\t\t\t\t<img decoding=\"async\" width=\"800\" height=\"600\" src=\"https:\/\/backup.epifloors.com\/wp-content\/uploads\/2025\/02\/Almelo-Corestone-Nature-35-980x735-1.jpg\" class=\"attachment-large size-large wp-image-2042\" alt=\"Corestone Nature Almelo im Industrie-Wohnzimmer\" srcset=\"https:\/\/backup.epifloors.com\/wp-content\/uploads\/2025\/02\/Almelo-Corestone-Nature-35-980x735-1.jpg 980w, https:\/\/backup.epifloors.com\/wp-content\/uploads\/2025\/02\/Almelo-Corestone-Nature-35-980x735-1-300x225.jpg 300w, https:\/\/backup.epifloors.com\/wp-content\/uploads\/2025\/02\/Almelo-Corestone-Nature-35-980x735-1-768x576.jpg 768w\" sizes=\"(max-width: 800px) 100vw, 800px\" title=\"\">\t\t\t\t\t\t\t\t\t\t\t\t\t\t\t<\/div>\n\t\t\t\t<\/div>\n\t\t\t\t\t<\/div>\n\t\t\t\t<\/div>\n\t\t\t\t<\/div>\n\t\t","protected":false},"excerpt":{"rendered":"<p>Unsere Farben Wir helfen Ihnen gerne bei der Auswahl der Farbe, die zu Ihrem Einrichtungsstil passt. Zu diesem Zweck haben wir die EPI-Farbkollektion entwickelt: eine sch\u00f6ne Palette von Uni- und Mischfarben. Eine Unifarbe besteht aus einer einzigen Farbe und sorgt f\u00fcr einen klaren Look. Eine Blend-Farbe ist eine Mischung aus zwei Farben f\u00fcr einen nat\u00fcrlichen [&hellip;]<\/p>\n","protected":false},"author":1,"featured_media":2822,"parent":0,"menu_order":0,"comment_status":"closed","ping_status":"closed","template":"","meta":{"footnotes":""},"kleur-category":[],"vloer-category":[],"class_list":["post-4261","page","type-page","status-publish","has-post-thumbnail","hentry"],"_links":{"self":[{"href":"https:\/\/backup.epifloors.com\/de\/wp-json\/wp\/v2\/pages\/4261","targetHints":{"allow":["GET"]}}],"collection":[{"href":"https:\/\/backup.epifloors.com\/de\/wp-json\/wp\/v2\/pages"}],"about":[{"href":"https:\/\/backup.epifloors.com\/de\/wp-json\/wp\/v2\/types\/page"}],"author":[{"embeddable":true,"href":"https:\/\/backup.epifloors.com\/de\/wp-json\/wp\/v2\/users\/1"}],"replies":[{"embeddable":true,"href":"https:\/\/backup.epifloors.com\/de\/wp-json\/wp\/v2\/comments?post=4261"}],"version-history":[{"count":6,"href":"https:\/\/backup.epifloors.com\/de\/wp-json\/wp\/v2\/pages\/4261\/revisions"}],"predecessor-version":[{"id":10228,"href":"https:\/\/backup.epifloors.com\/de\/wp-json\/wp\/v2\/pages\/4261\/revisions\/10228"}],"wp:featuredmedia":[{"embeddable":true,"href":"https:\/\/backup.epifloors.com\/de\/wp-json\/wp\/v2\/media\/2822"}],"wp:attachment":[{"href":"https:\/\/backup.epifloors.com\/de\/wp-json\/wp\/v2\/media?parent=4261"}],"wp:term":[{"taxonomy":"kleur-category","embeddable":true,"href":"https:\/\/backup.epifloors.com\/de\/wp-json\/wp\/v2\/kleur-category?post=4261"},{"taxonomy":"vloer-category","embeddable":true,"href":"https:\/\/backup.epifloors.com\/de\/wp-json\/wp\/v2\/vloer-category?post=4261"}],"curies":[{"name":"wp","href":"https:\/\/api.w.org\/{rel}","templated":true}]}}