{"id":4253,"date":"2025-01-27T14:10:44","date_gmt":"2025-01-27T13:10:44","guid":{"rendered":"https:\/\/epi.webstudio.nl\/unsere-boeden\/"},"modified":"2025-06-17T15:52:44","modified_gmt":"2025-06-17T13:52:44","slug":"unsere-boden","status":"publish","type":"page","link":"https:\/\/backup.epifloors.com\/de\/unsere-boden\/","title":{"rendered":"Unsere B\u00f6den"},"content":{"rendered":"\t\t<div data-elementor-type=\"wp-page\" data-elementor-id=\"4253\" class=\"elementor elementor-4253 elementor-84\" data-elementor-post-type=\"page\">\n\t\t\t\t<div class=\"elementor-element elementor-element-5f80a15 e-flex e-con-boxed e-con e-parent\" data-id=\"5f80a15\" data-element_type=\"container\" data-e-type=\"container\" data-settings=\"{&quot;jet_parallax_layout_list&quot;:[]}\">\n\t\t\t\t\t<div class=\"e-con-inner\">\n\t\t\t\t<div class=\"elementor-element elementor-element-697870a elementor-widget elementor-widget-heading\" data-id=\"697870a\" data-element_type=\"widget\" data-e-type=\"widget\" data-widget_type=\"heading.default\">\n\t\t\t\t<div class=\"elementor-widget-container\">\n\t\t\t\t\t<h2 class=\"elementor-heading-title elementor-size-default\">Designb\u00f6den, die zu Ihrem Leben passen<\/h2>\t\t\t\t<\/div>\n\t\t\t\t<\/div>\n\t\t\t\t<div class=\"elementor-element elementor-element-97c7114 elementor-widget elementor-widget-text-editor\" data-id=\"97c7114\" data-element_type=\"widget\" data-e-type=\"widget\" data-widget_type=\"text-editor.default\">\n\t\t\t\t<div class=\"elementor-widget-container\">\n\t\t\t\t\t\t\t\t\t<p>Unsere B\u00f6den sind f\u00fcr das Leben gemacht, stilvoll, langlebig und vielseitig.<\/p><p>Die By EPI Superbase\u00ae Kollektion bietet einen eleganten, modernen Designboden mit einer gro\u00dfen Auswahl an Farben und Oberfl\u00e4chen. Dank der flexiblen Struktur eignet sich dieser Boden f\u00fcr jedes Interieur. Mit einem Superbase\u00ae Designboden verleihen Sie Ihrem Zuhause eine einzigartige und zeitgem\u00e4\u00dfe Ausstrahlung.<\/p><p>Der Corestone Nature\u00ae By EPI Boden ist unser robuster Boden in Betonoptik, gefertigt aus nat\u00fcrlichen Inhaltsstoffen und handwerklich veredelt. Erh\u00e4ltlich in Uni- oder Blendt\u00f6nen, schafft dieser Boden eine warme und nat\u00fcrliche Atmosph\u00e4re in jedem Raum.<\/p><p>F\u00fcr alle, die eine besondere Wand- und Bodenveredelung suchen, bietet Quartz R\u00ae By EPI die perfekte L\u00f6sung. Diese dekorative Oberfl\u00e4che verleiht Ihrem Interieur einen individuellen Charakter und eine moderne Betonoptik \u2013 perfekt abgestimmt auf einen zeitgem\u00e4\u00dfen Lebensstil.<\/p>\t\t\t\t\t\t\t\t<\/div>\n\t\t\t\t<\/div>\n\t\t\t\t\t<\/div>\n\t\t\t\t<\/div>\n\t\t<div class=\"elementor-element elementor-element-7d5e8d8 e-flex e-con-boxed e-con e-parent\" data-id=\"7d5e8d8\" data-element_type=\"container\" data-e-type=\"container\" data-settings=\"{&quot;jet_parallax_layout_list&quot;:[]}\">\n\t\t\t\t\t<div class=\"e-con-inner\">\n\t\t\t\t<div class=\"elementor-element elementor-element-f54fe48 elementor-widget elementor-widget-jet-image-accordion\" data-id=\"f54fe48\" data-element_type=\"widget\" data-e-type=\"widget\" data-widget_type=\"jet-image-accordion.default\">\n\t\t\t\t<div class=\"elementor-widget-container\">\n\t\t\t\t\t<div class=\"elementor-jet-image-accordion jet-tabs-addons\"><div class=\"jet-image-accordion jet-image-accordion-vertical-orientation jet-image-accordion-circ-ease\" role=\"tablist\" data-settings=\"{&quot;orientation&quot;:&quot;vertical&quot;,&quot;activeSize&quot;:{&quot;unit&quot;:&quot;%&quot;,&quot;size&quot;:85,&quot;sizes&quot;:[]},&quot;duration&quot;:500,&quot;activeItem&quot;:-1}\">\n\t<div class=\"jet-image-accordion__list\">\n<div class=\"jet-image-accordion__item title-display-mode__on_both_states\" role=\"tab\" aria-selected=\"false\" tabindex=\"0\">\n<img decoding=\"async\" class=\"jet-image-accordion__image-instance\" src=\"https:\/\/backup.epifloors.com\/wp-content\/uploads\/2025\/02\/Almelo-Corestone-Nature-21-980x735-1.jpg\" alt=\"Corestone Nature Almelo in zwarte keuken\" title=\"\">\n\t\t\t<h5 class=\"jet-image-accordion__title-default\"><img decoding=\"async\" style=\"width:250px\" src=\"\/wp-content\/uploads\/2025\/02\/CN-Logo.png\" alt=\"\" title=\"\"><\/h5>\t\n\t<div class=\"jet-image-accordion__content\">\n\t\t<h5 class=\"jet-image-accordion__title\"><img decoding=\"async\" style=\"width:250px\" src=\"\/wp-content\/uploads\/2025\/02\/CN-Logo.png\" alt=\"\" title=\"\"><\/h5><div class=\"jet-image-accordion__desc\">Der nat\u00fcrliche, robuste, selbstnivellierende Estrich in Betonoptik ist f\u00fcr das Leben gemacht. Felsenfest, fugenlos und kratz- und abriebfest.\nCorestone Nature\u00ae ist ein robuster Gussboden auf der Basis nat\u00fcrlicher Materialien wie Mineralien und Quarz.   <\/div><a class=\"elementor-button elementor-size-md jet-image-accordion__button\" role=\"button\" tabindex=\"0\" href=\"https:\/\/backup.epifloors.com\/onze-vloeren\/corestone-nature\/\">Mehr Informationen<\/a><\/div>\n\t<div class=\"jet-image-accordion__item-loader\"><span><\/span><\/div>\n<\/div>\n<div class=\"jet-image-accordion__item title-display-mode__on_both_states\" role=\"tab\" aria-selected=\"false\" tabindex=\"0\">\n<img decoding=\"async\" class=\"jet-image-accordion__image-instance\" src=\"https:\/\/backup.epifloors.com\/wp-content\/uploads\/2025\/04\/Foto-21.02.20-13-49-01-scaled.jpg\" alt=\"Woonkamer &amp; decoratief\" title=\"\">\n\t\t\t<h5 class=\"jet-image-accordion__title-default\"><img decoding=\"async\" style=\"width:250px\" src=\"\/wp-content\/uploads\/2025\/04\/Quartzr_Decorative_wall_normal_white.png\" alt=\"\" title=\"\"><\/h5>\t\n\t<div class=\"jet-image-accordion__content\">\n\t\t<h5 class=\"jet-image-accordion__title\"><img decoding=\"async\" style=\"width:250px\" src=\"\/wp-content\/uploads\/2025\/04\/Quartzr_Decorative_wall_normal_white.png\" alt=\"\" title=\"\"><\/h5><div class=\"jet-image-accordion__desc\">Dieser aus nat\u00fcrlichen Mineralien und Quarz hergestellte Wand- und Bodenbelag bietet einzigartige M\u00f6glichkeiten f\u00fcr eine exklusive dekorative Gestaltung Ihrer Innenr\u00e4ume. Dank unserer umfangreichen Farbpalette, die von der Kraft der Natur und den neuesten Designtrends inspiriert ist, verleiht Quartz R jedem Raum in Ihrem Zuhause einen einzigartigen und pers\u00f6nlichen Charakter. <\/div><a class=\"elementor-button elementor-size-md jet-image-accordion__button\" role=\"button\" tabindex=\"0\" href=\"https:\/\/backup.epifloors.com\/onze-vloeren\/quartz-r\/\">Mehr Informationen<\/a><\/div>\n\t<div class=\"jet-image-accordion__item-loader\"><span><\/span><\/div>\n<\/div>\n<div class=\"jet-image-accordion__item title-display-mode__on_both_states\" role=\"tab\" aria-selected=\"false\" tabindex=\"0\">\n<img decoding=\"async\" class=\"jet-image-accordion__image-instance\" src=\"https:\/\/backup.epifloors.com\/wp-content\/uploads\/2025\/02\/Superbase_GustoFinoMezzo-1.jpg\" alt=\"Superbase Gusto Fino Mezzo gietvloer\" title=\"\">\n\t\t\t<h5 class=\"jet-image-accordion__title-default\"><img decoding=\"async\" style=\"width:250px\" src=\"\/wp-content\/uploads\/2025\/02\/SB-Logo-480x53-1.png\" alt=\"\" title=\"\"><\/h5>\t\n\t<div class=\"jet-image-accordion__content\">\n\t\t<h5 class=\"jet-image-accordion__title\"><img decoding=\"async\" style=\"width:250px\" src=\"\/wp-content\/uploads\/2025\/02\/SB-Logo-480x53-1.png\" alt=\"\" title=\"\"><\/h5><div class=\"jet-image-accordion__desc\">Der flexible, glatte PU-Estrich, der sich Ihrem eigenen Design anpasst, gemacht f\u00fcrs Leben. Superstark, stilvoll, nahtlos und komfortabel.\nDie Superbase\u00ae Familie von EPI ist eine perfekte Mischung aus Stil, Design und Haltbarkeit und wurde auf der Basis hochwertiger Biopolymere entwickelt.   <\/div><a class=\"elementor-button elementor-size-md jet-image-accordion__button\" role=\"button\" tabindex=\"0\" href=\"https:\/\/backup.epifloors.com\/onze-vloeren\/superbase\/\">Mehr Informationen<\/a><\/div>\n\t<div class=\"jet-image-accordion__item-loader\"><span><\/span><\/div>\n<\/div>\n<\/div>\n<\/div>\n<\/div>\t\t\t\t<\/div>\n\t\t\t\t<\/div>\n\t\t\t\t\t<\/div>\n\t\t\t\t<\/div>\n\t\t<div class=\"elementor-element elementor-element-13fba5a e-flex e-con-boxed e-con e-parent\" data-id=\"13fba5a\" data-element_type=\"container\" data-e-type=\"container\" data-settings=\"{&quot;jet_parallax_layout_list&quot;:[]}\">\n\t\t\t\t\t<div class=\"e-con-inner\">\n\t\t<div class=\"elementor-element elementor-element-6e2e09f e-con-full e-flex e-con e-child\" data-id=\"6e2e09f\" data-element_type=\"container\" data-e-type=\"container\" data-settings=\"{&quot;jet_parallax_layout_list&quot;:[],&quot;background_background&quot;:&quot;classic&quot;}\">\n\t\t<div class=\"elementor-element elementor-element-77823b4 e-con-full e-flex e-con e-child\" data-id=\"77823b4\" data-element_type=\"container\" data-e-type=\"container\" data-settings=\"{&quot;jet_parallax_layout_list&quot;:[],&quot;background_background&quot;:&quot;classic&quot;}\">\n\t\t\t\t<div class=\"elementor-element elementor-element-3c8cd49 elementor-widget elementor-widget-button\" data-id=\"3c8cd49\" data-element_type=\"widget\" data-e-type=\"widget\" data-widget_type=\"button.default\">\n\t\t\t\t<div class=\"elementor-widget-container\">\n\t\t\t\t\t\t\t\t\t<div class=\"elementor-button-wrapper\">\n\t\t\t\t\t<a class=\"elementor-button elementor-button-link elementor-size-sm\" href=\"\/de\/referenzen\/\">\n\t\t\t\t\t\t<span class=\"elementor-button-content-wrapper\">\n\t\t\t\t\t\t\t\t\t<span class=\"elementor-button-text\">Alle Referenzen anzeigen<\/span>\n\t\t\t\t\t<\/span>\n\t\t\t\t\t<\/a>\n\t\t\t\t<\/div>\n\t\t\t\t\t\t\t\t<\/div>\n\t\t\t\t<\/div>\n\t\t\t\t<div class=\"elementor-element elementor-element-77a875d elementor-widget__width-auto elementor-widget elementor-widget-button\" data-id=\"77a875d\" data-element_type=\"widget\" data-e-type=\"widget\" data-widget_type=\"button.default\">\n\t\t\t\t<div class=\"elementor-widget-container\">\n\t\t\t\t\t\t\t\t\t<div class=\"elementor-button-wrapper\">\n\t\t\t\t\t<a class=\"elementor-button elementor-button-link elementor-size-sm\" href=\"https:\/\/backup.epifloors.com\/de\/lassen-sie-sich-inspirieren\/broschueren\/\">\n\t\t\t\t\t\t<span class=\"elementor-button-content-wrapper\">\n\t\t\t\t\t\t\t\t\t<span class=\"elementor-button-text\">Brosch\u00fcre Download<\/span>\n\t\t\t\t\t<\/span>\n\t\t\t\t\t<\/a>\n\t\t\t\t<\/div>\n\t\t\t\t\t\t\t\t<\/div>\n\t\t\t\t<\/div>\n\t\t\t\t<\/div>\n\t\t\t\t<\/div>\n\t\t\t\t\t<\/div>\n\t\t\t\t<\/div>\n\t\t\t\t<\/div>\n\t\t","protected":false},"excerpt":{"rendered":"<p>Nahtloses Design, ruhig, ger\u00e4umig, robust und mit jedem Wohnstil kombinierbar<\/p>\n","protected":false},"author":1,"featured_media":2830,"parent":0,"menu_order":0,"comment_status":"closed","ping_status":"closed","template":"","meta":{"footnotes":""},"kleur-category":[],"vloer-category":[],"class_list":["post-4253","page","type-page","status-publish","has-post-thumbnail","hentry"],"_links":{"self":[{"href":"https:\/\/backup.epifloors.com\/de\/wp-json\/wp\/v2\/pages\/4253","targetHints":{"allow":["GET"]}}],"collection":[{"href":"https:\/\/backup.epifloors.com\/de\/wp-json\/wp\/v2\/pages"}],"about":[{"href":"https:\/\/backup.epifloors.com\/de\/wp-json\/wp\/v2\/types\/page"}],"author":[{"embeddable":true,"href":"https:\/\/backup.epifloors.com\/de\/wp-json\/wp\/v2\/users\/1"}],"replies":[{"embeddable":true,"href":"https:\/\/backup.epifloors.com\/de\/wp-json\/wp\/v2\/comments?post=4253"}],"version-history":[{"count":25,"href":"https:\/\/backup.epifloors.com\/de\/wp-json\/wp\/v2\/pages\/4253\/revisions"}],"predecessor-version":[{"id":10222,"href":"https:\/\/backup.epifloors.com\/de\/wp-json\/wp\/v2\/pages\/4253\/revisions\/10222"}],"wp:featuredmedia":[{"embeddable":true,"href":"https:\/\/backup.epifloors.com\/de\/wp-json\/wp\/v2\/media\/2830"}],"wp:attachment":[{"href":"https:\/\/backup.epifloors.com\/de\/wp-json\/wp\/v2\/media?parent=4253"}],"wp:term":[{"taxonomy":"kleur-category","embeddable":true,"href":"https:\/\/backup.epifloors.com\/de\/wp-json\/wp\/v2\/kleur-category?post=4253"},{"taxonomy":"vloer-category","embeddable":true,"href":"https:\/\/backup.epifloors.com\/de\/wp-json\/wp\/v2\/vloer-category?post=4253"}],"curies":[{"name":"wp","href":"https:\/\/api.w.org\/{rel}","templated":true}]}}